{"id":2460,"date":"2017-07-14T15:13:17","date_gmt":"2017-07-14T13:13:17","guid":{"rendered":"https:\/\/exclusion.it\/?page_id=2460"},"modified":"2017-12-11T19:30:05","modified_gmt":"2017-12-11T18:30:05","slug":"wildfield-cat","status":"publish","type":"page","link":"https:\/\/www.exclusion.it\/en\/wildfield-cat\/","title":{"rendered":"Wildfield Cat"},"content":{"rendered":"<p><a href=\"http:\/\/www.exclusion.it\/wp-content\/uploads\/2014\/06\/Logo-Wildfield.jpg\"><img loading=\"lazy\" decoding=\"async\" class=\"alignnone wp-image-1890\" src=\"http:\/\/www.exclusion.it\/wp-content\/uploads\/2014\/06\/Logo-Wildfield-210x148.jpg\" alt=\"Logo Wildfield\" width=\"189\" height=\"133\" \/><\/a><\/p>\n<p>Dall&#8217;analisi delle abitudini alimentari originarie dei gatti e la loro attitudine a nutrirsi prevalentemente con carne, Dorado presenta Wildfield, una linea di alimenti completi e bilanciati con elevato contenuto di pollo, anatra, maiale, e aringa disidratati, senza cereali, con frutta e verdure, senza conservanti di sintesi. Wildfield utilizza solo pollo, anatra, maiale, e aringa disidratati, ottenuti dalla carne fresca attraverso uno specifico processo di cottura, che elimina circa il 60% di acqua, rimuove i batteri, virus, parassiti e la rende pi\u00f9 sicura. Il risultato \u00e9 un prodotto con una concentrazione proteica di circa 5 volte superiore rispetto alla carne fresca a parit\u00e0 di peso indicato Wildfield, fornisce una linea completa di alimenti per gatti in base al loro stadio di vita, quindi dal cucciolo all&#8217;adulto, rispettando le diverse esigenze nutrizionali: Disponibile nella versione secco.<\/p>\n<p><b>Benefici<\/b><\/p>\n<p><b>Grain free:<\/b> privo di cereali<b><\/b><\/p>\n<p><b>Dry animal ingredients<\/b>: solo carne disidrata, no carne fresca, per una maggiore concentrazione proteica. La carne disidratata si ottiene attraverso un processo di cottura, che partendo dalla carne fresca, attraverso diversi processi termici e meccanici, elimina acqua, separa il grasso e ottiene la sostanza secca ad alta concentrazione proteica. Prima del processo termico il pollo ha circa un 70\/75% di acqua e 18% di proteine, dopo, il risultato \u00e8 un prodotto con solo il 10% di acqua e una concentrazione proteica del 65%.<\/p>\n<p><b>Naturally preserved, no Bha, no Bht<\/b>: preservato naturalmente, senza BHA e BHT. Tutti i cibi per animali contengono antiossidanti sintetici o naturali. Gli antiossidanti sintetici comprendono BHA e BHT (E320, E321), gallato di propile (E310), etossichina (E324). La letteratura relativa alla tossicit\u00e0, ai rischi e ai problemi derivati dal consumo continuo di questi antiossidanti, ingeriti quotidianamente da cani e gatti, \u00e8 scarsa. Gli effetti di questi prodotti chimici nel pet-food non sono stati studiati approfonditamente, per questo motivo Wildfield utilizza solo antiossidanti naturali, come i tocoferoli naturali<\/p>\n<p><b>Chelated minerals<\/b>: Minerali chelati per favorire un loro migliore assorbimento intestinale dei minerali favorendone la migliore biodisponibilit\u00e0. Il complesso minerale di zinco, manganese e rame rafforza il sistema immunitario e migliora il metabolismo dell\u2019animale<\/p>\n<p><b>Prebiotics (FOS &amp;MOS):<\/b> i Prebiotici, sotto forma di FOS, zuccheri contenuti nella frutta e nei vegetali, e di MOS, provenienti dai lieviti, migliorano la digestione, l\u2019assorbimento dei principi nutritivi e la qualit\u00e0 delle feci, attraverso il bilanciamento della flora batterica e l\u2019inibizione della crescita di batteri patogeni<\/p>\n<p><b>Shining coat: <\/b>pelo lucente, grazie agli acidi grassi essenziali contenuti nell\u2019olio di salmone, ricco in acido arachidonico, acido grasso essenziale Omega-3 e ha un elevato tenore di tocoferoli. L\u2019acido arachidonico assieme agli altri acidi grassi \u00e8 essenziale nel mantenere le condizioni ottimali della pelle e del mantello e l\u2019assorbimento delle vitamine liposolubili. Sono inoltre importanti per l\u2019integrit\u00e0 delle membrane cellulari, mantenimento della funzione di barriera della cute e modulazione della risposta infiammatoria cutanea.<\/p>\n<p><b>Hairball control system:<\/b> la miscela di fibre naturali aiuta a contrastare la formazione di boli di pelo ingeriti e ne favorisce l\u2019eliminazione; grazie anche allo psyllium che, aumentando il volume del bolo fecale e stimolando la peristalsi, contribuisce a ridurre la costipazione e facilita l\u2019evacuazione.<\/p>\n<p><b>Cruelty free<\/b>: Non testiamo i nostri prodotti sugli animali<\/p>\n<p><a href=\"http:\/\/www.exclusion.it\/categoria-prodotto\/wildfield\/gatto-wildfield\/\">Visita la pagina dei prodotti<\/a><\/p>\n","protected":false},"excerpt":{"rendered":"<p>Dall&#8217;analisi delle abitudini alimentari originarie dei gatti e la loro attitudine a nutrirsi prevalentemente con carne, Dorado presenta Wildfield, una linea di alimenti completi e bilanciati con elevato contenuto di pollo, anatra, maiale, e aringa disidratati, senza cereali, con frutta e verdure, senza conservanti di sintesi. Wildfield utilizza solo pollo, anatra, maiale, e aringa disidratati, [&hellip;]<\/p>\n","protected":false},"author":1,"featured_media":0,"parent":0,"menu_order":0,"comment_status":"closed","ping_status":"closed","template":"","meta":{"_acf_changed":false,"footnotes":""},"class_list":["post-2460","page","type-page","status-publish","hentry"],"acf":[],"yoast_head":"<!-- This site is optimized with the Yoast SEO plugin v27.0 - https:\/\/yoast.com\/product\/yoast-seo-wordpress\/ -->\n<title>Wildfield Cat - Exclusion<\/title>\n<meta name=\"robots\" content=\"index, follow, max-snippet:-1, max-image-preview:large, max-video-preview:-1\" \/>\n<link rel=\"canonical\" href=\"https:\/\/www.exclusion.it\/en\/wildfield-cat\/\" \/>\n<meta property=\"og:locale\" content=\"it_IT\" \/>\n<meta property=\"og:type\" content=\"article\" \/>\n<meta property=\"og:title\" content=\"Wildfield Cat - Exclusion\" \/>\n<meta property=\"og:description\" content=\"Dall&#8217;analisi delle abitudini alimentari originarie dei gatti e la loro attitudine a nutrirsi prevalentemente con carne, Dorado presenta Wildfield, una linea di alimenti completi e bilanciati con elevato contenuto di pollo, anatra, maiale, e aringa disidratati, senza cereali, con frutta e verdure, senza conservanti di sintesi. Wildfield utilizza solo pollo, anatra, maiale, e aringa disidratati, [&hellip;]\" \/>\n<meta property=\"og:url\" content=\"https:\/\/www.exclusion.it\/en\/wildfield-cat\/\" \/>\n<meta property=\"og:site_name\" content=\"Exclusion\" \/>\n<meta property=\"article:publisher\" content=\"https:\/\/www.facebook.com\/exclusiondorado\/\" \/>\n<meta property=\"article:modified_time\" content=\"2017-12-11T18:30:05+00:00\" \/>\n<meta property=\"og:image\" content=\"http:\/\/www.exclusion.it\/wp-content\/uploads\/2014\/06\/Logo-Wildfield-210x148.jpg\" \/>\n<meta name=\"twitter:card\" content=\"summary_large_image\" \/>\n<meta name=\"twitter:label1\" content=\"Tempo di lettura stimato\" \/>\n\t<meta name=\"twitter:data1\" content=\"3 minuti\" \/>\n<script type=\"application\/ld+json\" class=\"yoast-schema-graph\">{\"@context\":\"https:\/\/schema.org\",\"@graph\":[{\"@type\":\"WebPage\",\"@id\":\"https:\/\/www.exclusion.it\/en\/wildfield-cat\/\",\"url\":\"https:\/\/www.exclusion.it\/en\/wildfield-cat\/\",\"name\":\"Wildfield Cat - Exclusion\",\"isPartOf\":{\"@id\":\"https:\/\/www.exclusion.it\/en\/#website\"},\"primaryImageOfPage\":{\"@id\":\"https:\/\/www.exclusion.it\/en\/wildfield-cat\/#primaryimage\"},\"image\":{\"@id\":\"https:\/\/www.exclusion.it\/en\/wildfield-cat\/#primaryimage\"},\"thumbnailUrl\":\"http:\/\/www.exclusion.it\/wp-content\/uploads\/2014\/06\/Logo-Wildfield-210x148.jpg\",\"datePublished\":\"2017-07-14T13:13:17+00:00\",\"dateModified\":\"2017-12-11T18:30:05+00:00\",\"breadcrumb\":{\"@id\":\"https:\/\/www.exclusion.it\/en\/wildfield-cat\/#breadcrumb\"},\"inLanguage\":\"it-IT\",\"potentialAction\":[{\"@type\":\"ReadAction\",\"target\":[\"https:\/\/www.exclusion.it\/en\/wildfield-cat\/\"]}]},{\"@type\":\"ImageObject\",\"inLanguage\":\"it-IT\",\"@id\":\"https:\/\/www.exclusion.it\/en\/wildfield-cat\/#primaryimage\",\"url\":\"http:\/\/www.exclusion.it\/wp-content\/uploads\/2014\/06\/Logo-Wildfield-210x148.jpg\",\"contentUrl\":\"http:\/\/www.exclusion.it\/wp-content\/uploads\/2014\/06\/Logo-Wildfield-210x148.jpg\"},{\"@type\":\"BreadcrumbList\",\"@id\":\"https:\/\/www.exclusion.it\/en\/wildfield-cat\/#breadcrumb\",\"itemListElement\":[{\"@type\":\"ListItem\",\"position\":1,\"name\":\"Home\",\"item\":\"https:\/\/www.exclusion.it\/en\/\"},{\"@type\":\"ListItem\",\"position\":2,\"name\":\"Wildfield Cat\"}]},{\"@type\":\"WebSite\",\"@id\":\"https:\/\/www.exclusion.it\/en\/#website\",\"url\":\"https:\/\/www.exclusion.it\/en\/\",\"name\":\"Exclusion\",\"description\":\"Exclusive Passion For Pets\",\"potentialAction\":[{\"@type\":\"SearchAction\",\"target\":{\"@type\":\"EntryPoint\",\"urlTemplate\":\"https:\/\/www.exclusion.it\/en\/?s={search_term_string}\"},\"query-input\":{\"@type\":\"PropertyValueSpecification\",\"valueRequired\":true,\"valueName\":\"search_term_string\"}}],\"inLanguage\":\"it-IT\"}]}<\/script>\n<!-- \/ Yoast SEO plugin. -->","yoast_head_json":{"title":"Wildfield Cat - Exclusion","robots":{"index":"index","follow":"follow","max-snippet":"max-snippet:-1","max-image-preview":"max-image-preview:large","max-video-preview":"max-video-preview:-1"},"canonical":"https:\/\/www.exclusion.it\/en\/wildfield-cat\/","og_locale":"it_IT","og_type":"article","og_title":"Wildfield Cat - Exclusion","og_description":"Dall&#8217;analisi delle abitudini alimentari originarie dei gatti e la loro attitudine a nutrirsi prevalentemente con carne, Dorado presenta Wildfield, una linea di alimenti completi e bilanciati con elevato contenuto di pollo, anatra, maiale, e aringa disidratati, senza cereali, con frutta e verdure, senza conservanti di sintesi. Wildfield utilizza solo pollo, anatra, maiale, e aringa disidratati, [&hellip;]","og_url":"https:\/\/www.exclusion.it\/en\/wildfield-cat\/","og_site_name":"Exclusion","article_publisher":"https:\/\/www.facebook.com\/exclusiondorado\/","article_modified_time":"2017-12-11T18:30:05+00:00","og_image":[{"url":"http:\/\/www.exclusion.it\/wp-content\/uploads\/2014\/06\/Logo-Wildfield-210x148.jpg","type":"","width":"","height":""}],"twitter_card":"summary_large_image","twitter_misc":{"Tempo di lettura stimato":"3 minuti"},"schema":{"@context":"https:\/\/schema.org","@graph":[{"@type":"WebPage","@id":"https:\/\/www.exclusion.it\/en\/wildfield-cat\/","url":"https:\/\/www.exclusion.it\/en\/wildfield-cat\/","name":"Wildfield Cat - Exclusion","isPartOf":{"@id":"https:\/\/www.exclusion.it\/en\/#website"},"primaryImageOfPage":{"@id":"https:\/\/www.exclusion.it\/en\/wildfield-cat\/#primaryimage"},"image":{"@id":"https:\/\/www.exclusion.it\/en\/wildfield-cat\/#primaryimage"},"thumbnailUrl":"http:\/\/www.exclusion.it\/wp-content\/uploads\/2014\/06\/Logo-Wildfield-210x148.jpg","datePublished":"2017-07-14T13:13:17+00:00","dateModified":"2017-12-11T18:30:05+00:00","breadcrumb":{"@id":"https:\/\/www.exclusion.it\/en\/wildfield-cat\/#breadcrumb"},"inLanguage":"it-IT","potentialAction":[{"@type":"ReadAction","target":["https:\/\/www.exclusion.it\/en\/wildfield-cat\/"]}]},{"@type":"ImageObject","inLanguage":"it-IT","@id":"https:\/\/www.exclusion.it\/en\/wildfield-cat\/#primaryimage","url":"http:\/\/www.exclusion.it\/wp-content\/uploads\/2014\/06\/Logo-Wildfield-210x148.jpg","contentUrl":"http:\/\/www.exclusion.it\/wp-content\/uploads\/2014\/06\/Logo-Wildfield-210x148.jpg"},{"@type":"BreadcrumbList","@id":"https:\/\/www.exclusion.it\/en\/wildfield-cat\/#breadcrumb","itemListElement":[{"@type":"ListItem","position":1,"name":"Home","item":"https:\/\/www.exclusion.it\/en\/"},{"@type":"ListItem","position":2,"name":"Wildfield Cat"}]},{"@type":"WebSite","@id":"https:\/\/www.exclusion.it\/en\/#website","url":"https:\/\/www.exclusion.it\/en\/","name":"Exclusion","description":"Exclusive Passion For Pets","potentialAction":[{"@type":"SearchAction","target":{"@type":"EntryPoint","urlTemplate":"https:\/\/www.exclusion.it\/en\/?s={search_term_string}"},"query-input":{"@type":"PropertyValueSpecification","valueRequired":true,"valueName":"search_term_string"}}],"inLanguage":"it-IT"}]}},"_links":{"self":[{"href":"https:\/\/www.exclusion.it\/en\/wp-json\/wp\/v2\/pages\/2460","targetHints":{"allow":["GET"]}}],"collection":[{"href":"https:\/\/www.exclusion.it\/en\/wp-json\/wp\/v2\/pages"}],"about":[{"href":"https:\/\/www.exclusion.it\/en\/wp-json\/wp\/v2\/types\/page"}],"author":[{"embeddable":true,"href":"https:\/\/www.exclusion.it\/en\/wp-json\/wp\/v2\/users\/1"}],"replies":[{"embeddable":true,"href":"https:\/\/www.exclusion.it\/en\/wp-json\/wp\/v2\/comments?post=2460"}],"version-history":[{"count":3,"href":"https:\/\/www.exclusion.it\/en\/wp-json\/wp\/v2\/pages\/2460\/revisions"}],"predecessor-version":[{"id":2950,"href":"https:\/\/www.exclusion.it\/en\/wp-json\/wp\/v2\/pages\/2460\/revisions\/2950"}],"wp:attachment":[{"href":"https:\/\/www.exclusion.it\/en\/wp-json\/wp\/v2\/media?parent=2460"}],"curies":[{"name":"wp","href":"https:\/\/api.w.org\/{rel}","templated":true}]}}