{"id":2468,"date":"2017-07-14T15:18:38","date_gmt":"2017-07-14T13:18:38","guid":{"rendered":"https:\/\/exclusion.it\/?page_id=2468"},"modified":"2017-12-11T19:20:09","modified_gmt":"2017-12-11T18:20:09","slug":"exclusion-mediterraneo-dog","status":"publish","type":"page","link":"https:\/\/www.exclusion.it\/en\/exclusion-mediterraneo-dog\/","title":{"rendered":"Exclusion Mediterraneo Dog"},"content":{"rendered":"<p><a href=\"http:\/\/www.exclusion.it\/wp-content\/uploads\/2014\/03\/Exclusion-Med-e1398251128117.jpg\"><img loading=\"lazy\" decoding=\"async\" src=\"http:\/\/www.exclusion.it\/wp-content\/uploads\/2014\/03\/Exclusion-Med-210x52.jpg\" alt=\"Exclusion Med\" width=\"210\" height=\"52\" \/><\/a><\/p>\n<p>&nbsp;<\/p>\n<p><strong>Exclusion Mediterraneo\u00a0<\/strong>\u00e8 una linea monoproteica di alimenti per cani, di qualit\u00e0 super premium, che trae spunto dalla tradizione mediterranea, di cui contiene i migliori ingredienti: olio di oliva, pomodoro, melograno, piselli e cicoria. Utilizza la carne disidratata del pollo, pesce, anatra, agnello e coniglio per la loro elevata digeribilit\u00e0, il granoturco e il riso, entrambe di produzione nazionale, come fonti di carboidrati. Fornisce un\u2019 alimentazione completa ed equilibrata propria della migliore tradizione mediterranea. Exclusion Mediterraneo utilizza un&#8217;unica fonte di proteine animali disidratate, ottenute dalla carne fresca attraverso uno specifico processo di cottura, che elimina circa il 60% di acqua, rimuove i batteri, virus, parassiti e la rende pi\u00f9 sicura. Il risultato \u00e9 un prodotto con una concentrazione proteica di circa 5 volte superiore rispetto alla carne fresca a parit\u00e0 di peso indicato. Exclusion Mediterraneo, fornisce una linea completa di alimenti per cani in base al loro stadio di vita, quindi dal cucciolo all&#8217;anziano, all&#8217;adulto, rispettando le diverse esigenze di taglia:<\/p>\n<p><strong>Small breed<\/strong>, per cani di peso fino a 10kg<\/p>\n<p><strong>Medium breed<\/strong>, per cani di peso compreso tra 11 kg e 30 kg<\/p>\n<p><strong>Large breed,<\/strong>\u00a0per cani di peso oltre i 30 kg<\/p>\n<p>Disponibile nella versione secco e umido.<\/p>\n<p><b>Benefici<\/b><\/p>\n<p><strong><a href=\"http:\/\/www.exclusion.it\/wp-content\/uploads\/2014\/03\/Dehydrated-meat-Med-dog.jpg\"><img loading=\"lazy\" decoding=\"async\" class=\"alignleft\" src=\"http:\/\/www.exclusion.it\/wp-content\/uploads\/2014\/03\/Dehydrated-meat-Med-dog-e1400776113414.jpg\" alt=\"Dehydrated meat Med dog\" width=\"80\" height=\"75\" \/><\/a>Dehydrated Chicken, Duck, Fish, Lamb or Rabbit:<\/strong>\u00a0solo carne disidratata, no carne fresca, per una maggiore concentrazione proteica. La carne disidratata si ottiene attraverso un processo di cottura, che partendo dalla carne fresca, attraverso diversi processi termici e meccanici, elimina acqua, separa il grasso e ottiene la sostanza secca ad alta concentrazione proteica. Prima del processo termico il pollo contiene circa il 70\/75% di acqua e il 18% di proteine, dopo il processo, invece, il risultato \u00e8 un prodotto con solo il 10% di acqua e una concentrazione proteica del 65%.\u00a0<strong>Single protein source<\/strong><strong>:<\/strong>\u00a0alimento monoproteico, con una sola proteina animale.<\/p>\n<p><strong><a href=\"http:\/\/www.exclusion.it\/wp-content\/uploads\/2014\/03\/Intestinal.jpg\"><img loading=\"lazy\" decoding=\"async\" class=\"alignleft\" src=\"http:\/\/www.exclusion.it\/wp-content\/uploads\/2014\/03\/Intestinal-e1400775953906.jpg\" alt=\"Intestinal\" width=\"80\" height=\"75\" \/><\/a>Intestinal benefit<\/strong><strong>:\u00a0<\/strong>migliora la digestione, l\u2019assorbimento dei principi nutritivi e la qualit\u00e0 delle feci grazie all\u2019impiego del complesso di fibra CPB, (cicoria, fibra di pisello, polpa di barbabietola), Yucca e FOS solo nei prodotti Puppy, bilanciano la fibra batteria inibendo la crescita di batteri patogeni.<\/p>\n<p>&nbsp;<\/p>\n<p><strong><a href=\"http:\/\/www.exclusion.it\/wp-content\/uploads\/2014\/03\/Healty.jpg\"><img loading=\"lazy\" decoding=\"async\" class=\"alignleft\" src=\"http:\/\/www.exclusion.it\/wp-content\/uploads\/2014\/03\/Healty-e1400777068549.jpg\" alt=\"Healty\" width=\"80\" height=\"75\" \/><\/a>Healty coat:<\/strong>\u00a0migliora la lucentezza e la salute del pelo, riducendone la forfora, grazie alla presenza di olio di semi di lino, ricco in Acidi grassi Omega 3, olio di oliva, dall\u2019alto contenuto di acido linoleico e zinco, elemento cruciale della sintesi del collagene e della cheratina.<\/p>\n<p>&nbsp;<\/p>\n<p><strong><a href=\"http:\/\/www.exclusion.it\/wp-content\/uploads\/2014\/03\/Fruits.jpg\"><img loading=\"lazy\" decoding=\"async\" class=\"alignleft\" src=\"http:\/\/www.exclusion.it\/wp-content\/uploads\/2014\/03\/Fruits-e1400776580587.jpg\" alt=\"Fruits\" width=\"80\" height=\"75\" \/><\/a>Fruits and vegetals:<\/strong>\u00a0aiuta a combattere il danno ossidativo cellulare, grazie ai licopeni presenti nel pomodoro e ai bioflavonoidi del melograno.<\/p>\n<p>&nbsp;<\/p>\n<p><strong><a href=\"http:\/\/www.exclusion.it\/wp-content\/uploads\/2014\/03\/Mineral.jpg\"><img loading=\"lazy\" decoding=\"async\" class=\"alignleft\" src=\"http:\/\/www.exclusion.it\/wp-content\/uploads\/2014\/03\/Mineral-e1400776742544.jpg\" alt=\"Mineral\" width=\"80\" height=\"75\" \/><\/a>Minerali chelati:<\/strong>\u00a0migliora l\u2019assorbimento intestinale dei minerali favorendone la migliore biodisponibilit\u00e0. Il complesso minerale di zinco, manganese e rame rafforza il sistema immunitario e migliora il metabolismo dell\u2019animale.<\/p>\n<p>&nbsp;<\/p>\n<p><a href=\"http:\/\/www.exclusion.it\/categoria-prodotto\/exclusion-mediterraneo\/cane-exclusion-mediterraneo\/\">Visita la pagina dei prodotti<\/a><\/p>\n<p>&nbsp;<\/p>\n","protected":false},"excerpt":{"rendered":"<p>&nbsp; Exclusion Mediterraneo\u00a0\u00e8 una linea monoproteica di alimenti per cani, di qualit\u00e0 super premium, che trae spunto dalla tradizione mediterranea, di cui contiene i migliori ingredienti: olio di oliva, pomodoro, melograno, piselli e cicoria. Utilizza la carne disidratata del pollo, pesce, anatra, agnello e coniglio per la loro elevata digeribilit\u00e0, il granoturco e il riso, [&hellip;]<\/p>\n","protected":false},"author":1,"featured_media":0,"parent":0,"menu_order":0,"comment_status":"closed","ping_status":"closed","template":"","meta":{"_acf_changed":false,"footnotes":""},"class_list":["post-2468","page","type-page","status-publish","hentry"],"acf":[],"yoast_head":"<!-- This site is optimized with the Yoast SEO plugin v27.0 - https:\/\/yoast.com\/product\/yoast-seo-wordpress\/ -->\n<title>Exclusion Mediterraneo Dog - Exclusion<\/title>\n<meta name=\"robots\" content=\"index, follow, max-snippet:-1, max-image-preview:large, max-video-preview:-1\" \/>\n<link rel=\"canonical\" href=\"https:\/\/www.exclusion.it\/en\/exclusion-mediterraneo-dog\/\" \/>\n<meta property=\"og:locale\" content=\"it_IT\" \/>\n<meta property=\"og:type\" content=\"article\" \/>\n<meta property=\"og:title\" content=\"Exclusion Mediterraneo Dog - Exclusion\" \/>\n<meta property=\"og:description\" content=\"&nbsp; Exclusion Mediterraneo\u00a0\u00e8 una linea monoproteica di alimenti per cani, di qualit\u00e0 super premium, che trae spunto dalla tradizione mediterranea, di cui contiene i migliori ingredienti: olio di oliva, pomodoro, melograno, piselli e cicoria. Utilizza la carne disidratata del pollo, pesce, anatra, agnello e coniglio per la loro elevata digeribilit\u00e0, il granoturco e il riso, [&hellip;]\" \/>\n<meta property=\"og:url\" content=\"https:\/\/www.exclusion.it\/en\/exclusion-mediterraneo-dog\/\" \/>\n<meta property=\"og:site_name\" content=\"Exclusion\" \/>\n<meta property=\"article:publisher\" content=\"https:\/\/www.facebook.com\/exclusiondorado\/\" \/>\n<meta property=\"article:modified_time\" content=\"2017-12-11T18:20:09+00:00\" \/>\n<meta property=\"og:image\" content=\"http:\/\/www.exclusion.it\/wp-content\/uploads\/2014\/03\/Exclusion-Med-210x52.jpg\" \/>\n<meta name=\"twitter:card\" content=\"summary_large_image\" \/>\n<meta name=\"twitter:label1\" content=\"Tempo di lettura stimato\" \/>\n\t<meta name=\"twitter:data1\" content=\"2 minuti\" \/>\n<script type=\"application\/ld+json\" class=\"yoast-schema-graph\">{\"@context\":\"https:\/\/schema.org\",\"@graph\":[{\"@type\":\"WebPage\",\"@id\":\"https:\/\/www.exclusion.it\/en\/exclusion-mediterraneo-dog\/\",\"url\":\"https:\/\/www.exclusion.it\/en\/exclusion-mediterraneo-dog\/\",\"name\":\"Exclusion Mediterraneo Dog - Exclusion\",\"isPartOf\":{\"@id\":\"https:\/\/www.exclusion.it\/en\/#website\"},\"primaryImageOfPage\":{\"@id\":\"https:\/\/www.exclusion.it\/en\/exclusion-mediterraneo-dog\/#primaryimage\"},\"image\":{\"@id\":\"https:\/\/www.exclusion.it\/en\/exclusion-mediterraneo-dog\/#primaryimage\"},\"thumbnailUrl\":\"http:\/\/www.exclusion.it\/wp-content\/uploads\/2014\/03\/Exclusion-Med-210x52.jpg\",\"datePublished\":\"2017-07-14T13:18:38+00:00\",\"dateModified\":\"2017-12-11T18:20:09+00:00\",\"breadcrumb\":{\"@id\":\"https:\/\/www.exclusion.it\/en\/exclusion-mediterraneo-dog\/#breadcrumb\"},\"inLanguage\":\"it-IT\",\"potentialAction\":[{\"@type\":\"ReadAction\",\"target\":[\"https:\/\/www.exclusion.it\/en\/exclusion-mediterraneo-dog\/\"]}]},{\"@type\":\"ImageObject\",\"inLanguage\":\"it-IT\",\"@id\":\"https:\/\/www.exclusion.it\/en\/exclusion-mediterraneo-dog\/#primaryimage\",\"url\":\"http:\/\/www.exclusion.it\/wp-content\/uploads\/2014\/03\/Exclusion-Med-210x52.jpg\",\"contentUrl\":\"http:\/\/www.exclusion.it\/wp-content\/uploads\/2014\/03\/Exclusion-Med-210x52.jpg\"},{\"@type\":\"BreadcrumbList\",\"@id\":\"https:\/\/www.exclusion.it\/en\/exclusion-mediterraneo-dog\/#breadcrumb\",\"itemListElement\":[{\"@type\":\"ListItem\",\"position\":1,\"name\":\"Home\",\"item\":\"https:\/\/www.exclusion.it\/en\/\"},{\"@type\":\"ListItem\",\"position\":2,\"name\":\"Exclusion Mediterraneo Dog\"}]},{\"@type\":\"WebSite\",\"@id\":\"https:\/\/www.exclusion.it\/en\/#website\",\"url\":\"https:\/\/www.exclusion.it\/en\/\",\"name\":\"Exclusion\",\"description\":\"Exclusive Passion For Pets\",\"potentialAction\":[{\"@type\":\"SearchAction\",\"target\":{\"@type\":\"EntryPoint\",\"urlTemplate\":\"https:\/\/www.exclusion.it\/en\/?s={search_term_string}\"},\"query-input\":{\"@type\":\"PropertyValueSpecification\",\"valueRequired\":true,\"valueName\":\"search_term_string\"}}],\"inLanguage\":\"it-IT\"}]}<\/script>\n<!-- \/ Yoast SEO plugin. -->","yoast_head_json":{"title":"Exclusion Mediterraneo Dog - Exclusion","robots":{"index":"index","follow":"follow","max-snippet":"max-snippet:-1","max-image-preview":"max-image-preview:large","max-video-preview":"max-video-preview:-1"},"canonical":"https:\/\/www.exclusion.it\/en\/exclusion-mediterraneo-dog\/","og_locale":"it_IT","og_type":"article","og_title":"Exclusion Mediterraneo Dog - Exclusion","og_description":"&nbsp; Exclusion Mediterraneo\u00a0\u00e8 una linea monoproteica di alimenti per cani, di qualit\u00e0 super premium, che trae spunto dalla tradizione mediterranea, di cui contiene i migliori ingredienti: olio di oliva, pomodoro, melograno, piselli e cicoria. Utilizza la carne disidratata del pollo, pesce, anatra, agnello e coniglio per la loro elevata digeribilit\u00e0, il granoturco e il riso, [&hellip;]","og_url":"https:\/\/www.exclusion.it\/en\/exclusion-mediterraneo-dog\/","og_site_name":"Exclusion","article_publisher":"https:\/\/www.facebook.com\/exclusiondorado\/","article_modified_time":"2017-12-11T18:20:09+00:00","og_image":[{"url":"http:\/\/www.exclusion.it\/wp-content\/uploads\/2014\/03\/Exclusion-Med-210x52.jpg","type":"","width":"","height":""}],"twitter_card":"summary_large_image","twitter_misc":{"Tempo di lettura stimato":"2 minuti"},"schema":{"@context":"https:\/\/schema.org","@graph":[{"@type":"WebPage","@id":"https:\/\/www.exclusion.it\/en\/exclusion-mediterraneo-dog\/","url":"https:\/\/www.exclusion.it\/en\/exclusion-mediterraneo-dog\/","name":"Exclusion Mediterraneo Dog - Exclusion","isPartOf":{"@id":"https:\/\/www.exclusion.it\/en\/#website"},"primaryImageOfPage":{"@id":"https:\/\/www.exclusion.it\/en\/exclusion-mediterraneo-dog\/#primaryimage"},"image":{"@id":"https:\/\/www.exclusion.it\/en\/exclusion-mediterraneo-dog\/#primaryimage"},"thumbnailUrl":"http:\/\/www.exclusion.it\/wp-content\/uploads\/2014\/03\/Exclusion-Med-210x52.jpg","datePublished":"2017-07-14T13:18:38+00:00","dateModified":"2017-12-11T18:20:09+00:00","breadcrumb":{"@id":"https:\/\/www.exclusion.it\/en\/exclusion-mediterraneo-dog\/#breadcrumb"},"inLanguage":"it-IT","potentialAction":[{"@type":"ReadAction","target":["https:\/\/www.exclusion.it\/en\/exclusion-mediterraneo-dog\/"]}]},{"@type":"ImageObject","inLanguage":"it-IT","@id":"https:\/\/www.exclusion.it\/en\/exclusion-mediterraneo-dog\/#primaryimage","url":"http:\/\/www.exclusion.it\/wp-content\/uploads\/2014\/03\/Exclusion-Med-210x52.jpg","contentUrl":"http:\/\/www.exclusion.it\/wp-content\/uploads\/2014\/03\/Exclusion-Med-210x52.jpg"},{"@type":"BreadcrumbList","@id":"https:\/\/www.exclusion.it\/en\/exclusion-mediterraneo-dog\/#breadcrumb","itemListElement":[{"@type":"ListItem","position":1,"name":"Home","item":"https:\/\/www.exclusion.it\/en\/"},{"@type":"ListItem","position":2,"name":"Exclusion Mediterraneo Dog"}]},{"@type":"WebSite","@id":"https:\/\/www.exclusion.it\/en\/#website","url":"https:\/\/www.exclusion.it\/en\/","name":"Exclusion","description":"Exclusive Passion For Pets","potentialAction":[{"@type":"SearchAction","target":{"@type":"EntryPoint","urlTemplate":"https:\/\/www.exclusion.it\/en\/?s={search_term_string}"},"query-input":{"@type":"PropertyValueSpecification","valueRequired":true,"valueName":"search_term_string"}}],"inLanguage":"it-IT"}]}},"_links":{"self":[{"href":"https:\/\/www.exclusion.it\/en\/wp-json\/wp\/v2\/pages\/2468","targetHints":{"allow":["GET"]}}],"collection":[{"href":"https:\/\/www.exclusion.it\/en\/wp-json\/wp\/v2\/pages"}],"about":[{"href":"https:\/\/www.exclusion.it\/en\/wp-json\/wp\/v2\/types\/page"}],"author":[{"embeddable":true,"href":"https:\/\/www.exclusion.it\/en\/wp-json\/wp\/v2\/users\/1"}],"replies":[{"embeddable":true,"href":"https:\/\/www.exclusion.it\/en\/wp-json\/wp\/v2\/comments?post=2468"}],"version-history":[{"count":2,"href":"https:\/\/www.exclusion.it\/en\/wp-json\/wp\/v2\/pages\/2468\/revisions"}],"predecessor-version":[{"id":2947,"href":"https:\/\/www.exclusion.it\/en\/wp-json\/wp\/v2\/pages\/2468\/revisions\/2947"}],"wp:attachment":[{"href":"https:\/\/www.exclusion.it\/en\/wp-json\/wp\/v2\/media?parent=2468"}],"curies":[{"name":"wp","href":"https:\/\/api.w.org\/{rel}","templated":true}]}}